{"id":16,"date":"2024-01-14T17:27:54","date_gmt":"2024-01-14T16:27:54","guid":{"rendered":"https:\/\/mariaparadodebellido.it\/?page_id=16"},"modified":"2024-02-01T08:33:48","modified_gmt":"2024-02-01T07:33:48","slug":"contact-2","status":"publish","type":"page","link":"https:\/\/mariaparadodebellido.it\/?page_id=16","title":{"rendered":"Contacto"},"content":{"rendered":"\n<p><\/p>\n\n\n\n<div class=\"wp-block-group alignwide has-global-padding is-layout-constrained wp-container-core-group-is-layout-19e250f3 wp-block-group-is-layout-constrained\">\n<div class=\"wp-block-columns alignfull are-vertically-aligned-center has-light-background-background-color has-background is-layout-flex wp-container-core-columns-is-layout-dd282781 wp-block-columns-is-layout-flex\" style=\"padding-top:0;padding-right:0;padding-bottom:0;padding-left:0\">\n<div class=\"wp-block-column is-vertically-aligned-center has-global-padding is-content-justification-center is-layout-constrained wp-container-core-column-is-layout-023f57a8 wp-block-column-is-layout-constrained\" style=\"padding-top:var(--wp--preset--spacing--small);padding-right:var(--wp--preset--spacing--small);padding-bottom:var(--wp--preset--spacing--small);padding-left:2%;flex-basis:50%\">\n<h3 class=\"wp-block-heading\">Direcci\u00f3n<\/h3>\n\n\n\n<p>Via Jacopino da Tradate 14 &#8211; Milano &#8211; CAP 20154<\/p>\n\n\n\n<h3 class=\"wp-block-heading\"><strong>Email<\/strong><\/h3>\n\n\n\n<p>mariaparadodebellido1981@gmail.com<\/p>\n\n\n\n<h3 class=\"wp-block-heading\"><strong>Tel\u00e9fono<\/strong><\/h3>\n\n\n\n<p>+39 3403213841 &#8211; Berta (Presidente)<\/p>\n\n\n\n<p>+39 3208127440 &#8211; Wilmer<\/p>\n\n\n\n<h3 class=\"wp-block-heading\">Identificaci\u00f3n fiscal<\/h3>\n\n\n\n<p>97963080151<\/p>\n<\/div>\n\n\n\n<div class=\"wp-block-column is-vertically-aligned-center map-grayscale is-layout-flow wp-block-column-is-layout-flow\" style=\"flex-basis:50%\"><\/div>\n<\/div>\n<\/div>\n\n\n\n<div class=\"wp-block-group alignwide has-global-padding is-layout-constrained wp-block-group-is-layout-constrained\">\n<div style=\"height:33px\" aria-hidden=\"true\" class=\"wp-block-spacer\"><\/div>\n\n\n\n<div class=\"wp-block-columns are-vertically-aligned-center is-layout-flex wp-container-core-columns-is-layout-4ed999c3 wp-block-columns-is-layout-flex\" style=\"padding-top:var(--wp--preset--spacing--60);padding-bottom:var(--wp--preset--spacing--60);padding-left:0\">\n<div class=\"wp-block-column is-vertically-aligned-center has-global-padding is-content-justification-left is-layout-constrained wp-container-core-column-is-layout-12dd3699 wp-block-column-is-layout-constrained\" style=\"flex-basis:66.66%\">\n<h2 class=\"wp-block-heading\">Vuoi dare una mano? Contattaci!<\/h2>\n\n\n\n<p>C&#8217;\u00e8 tanto da fare ed ogni aiuto conta<\/p>\n<\/div>\n\n\n\n<div class=\"wp-block-column is-vertically-aligned-center is-layout-flow wp-block-column-is-layout-flow\" style=\"flex-basis:33.33%\">\n<div class=\"wp-block-buttons is-content-justification-right is-layout-flex wp-container-core-buttons-is-layout-d445cf74 wp-block-buttons-is-layout-flex\">\n<div class=\"wp-block-button has-custom-font-size is-style-fill\" style=\"font-size:14px;font-style:normal;font-weight:600;letter-spacing:1px;text-transform:uppercase\"><a class=\"wp-block-button__link wp-element-button\" href=\"mailto:mariaparadodebellido1981@gmail.com\" style=\"border-radius:0px\">Clicca qui per scriverci<\/a><\/div>\n<\/div>\n<\/div>\n<\/div>\n\n\n\n<div style=\"height:45px\" aria-hidden=\"true\" class=\"wp-block-spacer\"><\/div>\n<\/div>\n\n\n\n<div style=\"height:156px\" aria-hidden=\"true\" class=\"wp-block-spacer\"><\/div>\n\n\n\n<div class=\"wp-block-group has-global-padding is-layout-constrained wp-block-group-is-layout-constrained\">\n<div style=\"height:135px\" aria-hidden=\"true\" class=\"wp-block-spacer\"><\/div>\n<\/div>\n","protected":false},"excerpt":{"rendered":"<p>Direcci\u00f3n Via Jacopino da Tradate 14 &#8211; Milano &#8211; CAP 20154 Email mariaparadodebellido1981@gmail.com Tel\u00e9fono +39 3403213841 &#8211; Berta (Presidente) +39 3208127440 &#8211; Wilmer Identificaci\u00f3n fiscal 97963080151 Vuoi dare una mano? Contattaci! C&#8217;\u00e8 tanto da fare ed ogni aiuto conta<\/p>\n","protected":false},"author":1,"featured_media":0,"parent":0,"menu_order":0,"comment_status":"closed","ping_status":"closed","template":"","meta":{"footnotes":""},"class_list":["post-16","page","type-page","status-publish","hentry"],"_links":{"self":[{"href":"https:\/\/mariaparadodebellido.it\/index.php?rest_route=\/wp\/v2\/pages\/16","targetHints":{"allow":["GET"]}}],"collection":[{"href":"https:\/\/mariaparadodebellido.it\/index.php?rest_route=\/wp\/v2\/pages"}],"about":[{"href":"https:\/\/mariaparadodebellido.it\/index.php?rest_route=\/wp\/v2\/types\/page"}],"author":[{"embeddable":true,"href":"https:\/\/mariaparadodebellido.it\/index.php?rest_route=\/wp\/v2\/users\/1"}],"replies":[{"embeddable":true,"href":"https:\/\/mariaparadodebellido.it\/index.php?rest_route=%2Fwp%2Fv2%2Fcomments&post=16"}],"version-history":[{"count":12,"href":"https:\/\/mariaparadodebellido.it\/index.php?rest_route=\/wp\/v2\/pages\/16\/revisions"}],"predecessor-version":[{"id":155,"href":"https:\/\/mariaparadodebellido.it\/index.php?rest_route=\/wp\/v2\/pages\/16\/revisions\/155"}],"wp:attachment":[{"href":"https:\/\/mariaparadodebellido.it\/index.php?rest_route=%2Fwp%2Fv2%2Fmedia&parent=16"}],"curies":[{"name":"wp","href":"https:\/\/api.w.org\/{rel}","templated":true}]}}